{"id":542,"date":"2018-11-27T09:17:28","date_gmt":"2018-11-27T09:17:28","guid":{"rendered":"https:\/\/coesmoriz.pt\/?page_id=542"},"modified":"2023-04-29T22:43:14","modified_gmt":"2023-04-29T22:43:14","slug":"curiosidades","status":"publish","type":"page","link":"https:\/\/coesmoriz.pt\/?page_id=542","title":{"rendered":"Curiosidades"},"content":{"rendered":"\t\t<div data-elementor-type=\"wp-post\" data-elementor-id=\"542\" class=\"elementor elementor-542\">\n\t\t\t\t\t\t<section class=\"elementor-section elementor-top-section elementor-element elementor-element-33a79095 elementor-section-boxed elementor-section-height-default elementor-section-height-default\" data-id=\"33a79095\" data-element_type=\"section\" data-e-type=\"section\" data-settings=\"{&quot;background_background&quot;:&quot;classic&quot;}\">\n\t\t\t\t\t\t\t<div class=\"elementor-background-overlay\"><\/div>\n\t\t\t\t\t\t\t<div class=\"elementor-container elementor-column-gap-default\">\n\t\t\t\t\t<div class=\"elementor-column elementor-col-100 elementor-top-column elementor-element elementor-element-3706530d\" data-id=\"3706530d\" data-element_type=\"column\" data-e-type=\"column\">\n\t\t\t<div class=\"elementor-widget-wrap elementor-element-populated\">\n\t\t\t\t\t\t<div class=\"elementor-element elementor-element-537de1f elementor-widget elementor-widget-heading\" data-id=\"537de1f\" data-element_type=\"widget\" data-e-type=\"widget\" data-widget_type=\"heading.default\">\n\t\t\t\t<div class=\"elementor-widget-container\">\n\t\t\t\t\t<h1 class=\"elementor-heading-title elementor-size-default\">Curiosidades<\/h1>\t\t\t\t<\/div>\n\t\t\t\t<\/div>\n\t\t\t\t\t<\/div>\n\t\t<\/div>\n\t\t\t\t\t<\/div>\n\t\t<\/section>\n\t\t\t\t<section class=\"elementor-section elementor-top-section elementor-element elementor-element-2dbed9a elementor-section-boxed elementor-section-height-default elementor-section-height-default\" data-id=\"2dbed9a\" data-element_type=\"section\" data-e-type=\"section\">\n\t\t\t\t\t\t<div class=\"elementor-container elementor-column-gap-default\">\n\t\t\t\t\t<div class=\"elementor-column elementor-col-100 elementor-top-column elementor-element elementor-element-1ca627b\" data-id=\"1ca627b\" data-element_type=\"column\" data-e-type=\"column\">\n\t\t\t<div class=\"elementor-widget-wrap elementor-element-populated\">\n\t\t\t\t\t\t<div class=\"elementor-element elementor-element-42fd904 elementor-widget elementor-widget-heading\" data-id=\"42fd904\" data-element_type=\"widget\" data-e-type=\"widget\" data-widget_type=\"heading.default\">\n\t\t\t\t<div class=\"elementor-widget-container\">\n\t\t\t\t\t<h2 class=\"elementor-heading-title elementor-size-default\">conhe\u00e7a os nossos s\u00f3cios<\/h2>\t\t\t\t<\/div>\n\t\t\t\t<\/div>\n\t\t\t\t<div class=\"elementor-element elementor-element-432499d elementor-widget-divider--view-line elementor-widget elementor-widget-divider\" data-id=\"432499d\" data-element_type=\"widget\" data-e-type=\"widget\" data-widget_type=\"divider.default\">\n\t\t\t\t<div class=\"elementor-widget-container\">\n\t\t\t\t\t\t\t<div class=\"elementor-divider\">\n\t\t\t<span class=\"elementor-divider-separator\">\n\t\t\t\t\t\t<\/span>\n\t\t<\/div>\n\t\t\t\t\t\t<\/div>\n\t\t\t\t<\/div>\n\t\t\t\t<div class=\"elementor-element elementor-element-8dff22f elementor-widget elementor-widget-text-editor\" data-id=\"8dff22f\" data-element_type=\"widget\" data-e-type=\"widget\" data-widget_type=\"text-editor.default\">\n\t\t\t\t<div class=\"elementor-widget-container\">\n\t\t\t\t\t\t\t\t\t<p>Do mais antigo ao mais recente, todos os s\u00f3cios s\u00e3o importantes para n\u00f3s! Conhe\u00e7a um pouco de cada um deles&#8230;<\/p>\t\t\t\t\t\t\t\t<\/div>\n\t\t\t\t<\/div>\n\t\t\t\t\t<\/div>\n\t\t<\/div>\n\t\t\t\t\t<\/div>\n\t\t<\/section>\n\t\t\t\t<section class=\"elementor-section elementor-inner-section elementor-element elementor-element-d6c60ea elementor-section-boxed elementor-section-height-default elementor-section-height-default\" data-id=\"d6c60ea\" data-element_type=\"section\" data-e-type=\"section\">\n\t\t\t\t\t\t<div class=\"elementor-container elementor-column-gap-default\">\n\t\t\t\t\t<div class=\"elementor-column elementor-col-50 elementor-inner-column elementor-element elementor-element-f20a204\" data-id=\"f20a204\" data-element_type=\"column\" data-e-type=\"column\">\n\t\t\t<div class=\"elementor-widget-wrap elementor-element-populated\">\n\t\t\t\t\t\t<div class=\"elementor-element elementor-element-bfd172b elementor-widget elementor-widget-image\" data-id=\"bfd172b\" data-element_type=\"widget\" data-e-type=\"widget\" data-widget_type=\"image.default\">\n\t\t\t\t<div class=\"elementor-widget-container\">\n\t\t\t\t\t\t\t\t\t\t\t\t\t\t\t<img fetchpriority=\"high\" decoding=\"async\" width=\"1024\" height=\"651\" src=\"https:\/\/coesmoriz.pt\/wp-content\/uploads\/2023\/04\/Captura-de-ecra-2023-04-29-as-23.17.04-1024x651.png\" class=\"attachment-large size-large wp-image-761\" alt=\"\" srcset=\"https:\/\/coesmoriz.pt\/wp-content\/uploads\/2023\/04\/Captura-de-ecra-2023-04-29-as-23.17.04-1024x651.png 1024w, https:\/\/coesmoriz.pt\/wp-content\/uploads\/2023\/04\/Captura-de-ecra-2023-04-29-as-23.17.04-300x191.png 300w, https:\/\/coesmoriz.pt\/wp-content\/uploads\/2023\/04\/Captura-de-ecra-2023-04-29-as-23.17.04-768x488.png 768w, https:\/\/coesmoriz.pt\/wp-content\/uploads\/2023\/04\/Captura-de-ecra-2023-04-29-as-23.17.04.png 1170w\" sizes=\"(max-width: 1024px) 100vw, 1024px\" \/>\t\t\t\t\t\t\t\t\t\t\t\t\t\t\t<\/div>\n\t\t\t\t<\/div>\n\t\t\t\t<div class=\"elementor-element elementor-element-d0c44fe elementor-widget elementor-widget-image-box\" data-id=\"d0c44fe\" data-element_type=\"widget\" data-e-type=\"widget\" data-widget_type=\"image-box.default\">\n\t\t\t\t<div class=\"elementor-widget-container\">\n\t\t\t\t\t<div class=\"elementor-image-box-wrapper\"><div class=\"elementor-image-box-content\"><h5 class=\"elementor-image-box-title\">Miguel \u00c2ngelo Machado da Costa<\/h5><p class=\"elementor-image-box-description\">Criador de \"melopsittacus undulatus\" (periquitos australianos) desde 2020 e s\u00f3cio do COE desde 2021.<\/p><\/div><\/div>\t\t\t\t<\/div>\n\t\t\t\t<\/div>\n\t\t\t\t<div class=\"elementor-element elementor-element-0d99b8c elementor-widget elementor-widget-image\" data-id=\"0d99b8c\" data-element_type=\"widget\" data-e-type=\"widget\" data-widget_type=\"image.default\">\n\t\t\t\t<div class=\"elementor-widget-container\">\n\t\t\t\t\t\t\t\t\t\t\t\t\t\t\t<img decoding=\"async\" width=\"530\" height=\"662\" src=\"https:\/\/coesmoriz.pt\/wp-content\/uploads\/2023\/04\/Periquito.jpeg\" class=\"attachment-full size-full wp-image-763\" alt=\"\" srcset=\"https:\/\/coesmoriz.pt\/wp-content\/uploads\/2023\/04\/Periquito.jpeg 530w, https:\/\/coesmoriz.pt\/wp-content\/uploads\/2023\/04\/Periquito-240x300.jpeg 240w\" sizes=\"(max-width: 530px) 100vw, 530px\" \/>\t\t\t\t\t\t\t\t\t\t\t\t\t\t\t<\/div>\n\t\t\t\t<\/div>\n\t\t\t\t\t<\/div>\n\t\t<\/div>\n\t\t\t\t<div class=\"elementor-column elementor-col-50 elementor-inner-column elementor-element elementor-element-bce40d9\" data-id=\"bce40d9\" data-element_type=\"column\" data-e-type=\"column\">\n\t\t\t<div class=\"elementor-widget-wrap elementor-element-populated\">\n\t\t\t\t\t\t<div class=\"elementor-element elementor-element-9371562 elementor-widget elementor-widget-heading\" data-id=\"9371562\" data-element_type=\"widget\" data-e-type=\"widget\" data-widget_type=\"heading.default\">\n\t\t\t\t<div class=\"elementor-widget-container\">\n\t\t\t\t\t<h3 class=\"elementor-heading-title elementor-size-default\">Periquitos Australianos<\/h3>\t\t\t\t<\/div>\n\t\t\t\t<\/div>\n\t\t\t\t<div class=\"elementor-element elementor-element-a14414a elementor-widget-divider--view-line elementor-widget elementor-widget-divider\" data-id=\"a14414a\" data-element_type=\"widget\" data-e-type=\"widget\" data-widget_type=\"divider.default\">\n\t\t\t\t<div class=\"elementor-widget-container\">\n\t\t\t\t\t\t\t<div class=\"elementor-divider\">\n\t\t\t<span class=\"elementor-divider-separator\">\n\t\t\t\t\t\t<\/span>\n\t\t<\/div>\n\t\t\t\t\t\t<\/div>\n\t\t\t\t<\/div>\n\t\t\t\t<div class=\"elementor-element elementor-element-1eebcdd elementor-widget elementor-widget-text-editor\" data-id=\"1eebcdd\" data-element_type=\"widget\" data-e-type=\"widget\" data-widget_type=\"text-editor.default\">\n\t\t\t\t<div class=\"elementor-widget-container\">\n\t\t\t\t\t\t\t\t\t<p>Os periquitos australianos s\u00e3o aves pequenas e soci\u00e1veis que s\u00e3o populares como animais de estima\u00e7\u00e3o em todo o mundo. Eles s\u00e3o nativos da Austr\u00e1lia e s\u00e3o encontrados em todo o pa\u00eds, exceto nas \u00e1reas mais \u00e1ridas.<\/p><p>Os periquitos australianos s\u00e3o membros da fam\u00edlia Psittacidae, que inclui papagaios, araras e outros tipos de periquitos. Eles t\u00eam um tamanho m\u00e9dio de cerca de 18 cent\u00edmetros de comprimento e pesam cerca de 30 gramas. As f\u00eameas geralmente t\u00eam cores menos vibrantes do que os machos, com tons de verde e cinza predominando em suas penas.<\/p><p>Essas aves s\u00e3o conhecidas por sua personalidade animada e soci\u00e1vel, e muitos donos de periquitos australianos acham que eles s\u00e3o animais de estima\u00e7\u00e3o muito divertidos e envolventes. Eles podem ser treinados para fazer truques, e muitos periquitos aprendem a imitar sons e palavras humanas.<\/p><p>Os periquitos australianos s\u00e3o aves muito ativas e precisam de bastante espa\u00e7o para se exercitar. Eles devem ser mantidos em uma gaiola espa\u00e7osa e bem equipada, com poleiros, brinquedos e outros itens para mant\u00ea-los entretidos. Al\u00e9m disso, \u00e9 importante fornecer-lhes uma dieta equilibrada de sementes, frutas e verduras frescas para garantir que eles recebam todos os nutrientes de que precisam.<\/p><p>Em geral, os periquitos australianos s\u00e3o animais de estima\u00e7\u00e3o maravilhosos para aqueles que est\u00e3o dispostos a investir tempo e energia em cuidar deles corretamente. Eles s\u00e3o aves inteligentes e carinhosas que podem proporcionar muita alegria e companhia aos seus propriet\u00e1rios.<\/p>\t\t\t\t\t\t\t\t<\/div>\n\t\t\t\t<\/div>\n\t\t\t\t\t<\/div>\n\t\t<\/div>\n\t\t\t\t\t<\/div>\n\t\t<\/section>\n\t\t\t\t<\/div>\n\t\t","protected":false},"excerpt":{"rendered":"<p>Curiosidades conhe\u00e7a os nossos s\u00f3cios Do mais antigo ao mais recente, todos os s\u00f3cios s\u00e3o importantes para n\u00f3s! Conhe\u00e7a um pouco de cada um deles&#8230; Miguel \u00c2ngelo Machado da Costa Criador de &#8220;melopsittacus undulatus&#8221; (periquitos australianos) desde 2020 e s\u00f3cio do COE desde 2021. Periquitos Australianos Os periquitos australianos s\u00e3o aves pequenas e soci\u00e1veis que [&hellip;]<\/p>\n","protected":false},"author":1,"featured_media":0,"parent":0,"menu_order":0,"comment_status":"closed","ping_status":"closed","template":"","meta":{"site-sidebar-layout":"no-sidebar","site-content-layout":"page-builder","ast-site-content-layout":"default","site-content-style":"default","site-sidebar-style":"default","ast-global-header-display":"","ast-banner-title-visibility":"","ast-main-header-display":"","ast-hfb-above-header-display":"","ast-hfb-below-header-display":"","ast-hfb-mobile-header-display":"","site-post-title":"disabled","ast-breadcrumbs-content":"","ast-featured-img":"disabled","footer-sml-layout":"","ast-disable-related-posts":"","theme-transparent-header-meta":"enabled","adv-header-id-meta":"","stick-header-meta":"","header-above-stick-meta":"","header-main-stick-meta":"","header-below-stick-meta":"","astra-migrate-meta-layouts":"default","ast-page-background-enabled":"default","ast-page-background-meta":{"desktop":{"background-color":"","background-image":"","background-repeat":"repeat","background-position":"center center","background-size":"auto","background-attachment":"scroll","background-type":"","background-media":"","overlay-type":"","overlay-color":"","overlay-opacity":"","overlay-gradient":""},"tablet":{"background-color":"","background-image":"","background-repeat":"repeat","background-position":"center center","background-size":"auto","background-attachment":"scroll","background-type":"","background-media":"","overlay-type":"","overlay-color":"","overlay-opacity":"","overlay-gradient":""},"mobile":{"background-color":"","background-image":"","background-repeat":"repeat","background-position":"center center","background-size":"auto","background-attachment":"scroll","background-type":"","background-media":"","overlay-type":"","overlay-color":"","overlay-opacity":"","overlay-gradient":""}},"ast-content-background-meta":{"desktop":{"background-color":"var(--ast-global-color-5)","background-image":"","background-repeat":"repeat","background-position":"center center","background-size":"auto","background-attachment":"scroll","background-type":"","background-media":"","overlay-type":"","overlay-color":"","overlay-opacity":"","overlay-gradient":""},"tablet":{"background-color":"var(--ast-global-color-5)","background-image":"","background-repeat":"repeat","background-position":"center center","background-size":"auto","background-attachment":"scroll","background-type":"","background-media":"","overlay-type":"","overlay-color":"","overlay-opacity":"","overlay-gradient":""},"mobile":{"background-color":"var(--ast-global-color-5)","background-image":"","background-repeat":"repeat","background-position":"center center","background-size":"auto","background-attachment":"scroll","background-type":"","background-media":"","overlay-type":"","overlay-color":"","overlay-opacity":"","overlay-gradient":""}},"footnotes":""},"class_list":["post-542","page","type-page","status-publish","hentry"],"yoast_head":"<!-- This site is optimized with the Yoast SEO plugin v27.4 - https:\/\/yoast.com\/product\/yoast-seo-wordpress\/ -->\n<title>Curiosidades - COEsmoriz<\/title>\n<meta name=\"robots\" content=\"index, follow, max-snippet:-1, max-image-preview:large, max-video-preview:-1\" \/>\n<link rel=\"canonical\" href=\"https:\/\/coesmoriz.pt\/?page_id=542\" \/>\n<meta property=\"og:locale\" content=\"pt_PT\" \/>\n<meta property=\"og:type\" content=\"article\" \/>\n<meta property=\"og:title\" content=\"Curiosidades - COEsmoriz\" \/>\n<meta property=\"og:description\" content=\"Curiosidades conhe\u00e7a os nossos s\u00f3cios Do mais antigo ao mais recente, todos os s\u00f3cios s\u00e3o importantes para n\u00f3s! Conhe\u00e7a um pouco de cada um deles&#8230; Miguel \u00c2ngelo Machado da Costa Criador de &#8220;melopsittacus undulatus&#8221; (periquitos australianos) desde 2020 e s\u00f3cio do COE desde 2021. Periquitos Australianos Os periquitos australianos s\u00e3o aves pequenas e soci\u00e1veis que [&hellip;]\" \/>\n<meta property=\"og:url\" content=\"https:\/\/coesmoriz.pt\/?page_id=542\" \/>\n<meta property=\"og:site_name\" content=\"COEsmoriz\" \/>\n<meta property=\"article:publisher\" content=\"https:\/\/www.facebook.com\/COEsmoriz\" \/>\n<meta property=\"article:modified_time\" content=\"2023-04-29T22:43:14+00:00\" \/>\n<meta property=\"og:image\" content=\"https:\/\/coesmoriz.pt\/wp-content\/uploads\/2023\/04\/Captura-de-ecra-2023-04-29-as-23.17.04-1024x651.png\" \/>\n<meta name=\"twitter:card\" content=\"summary_large_image\" \/>\n<meta name=\"twitter:label1\" content=\"Tempo estimado de leitura\" \/>\n\t<meta name=\"twitter:data1\" content=\"2 minutos\" \/>\n<script type=\"application\/ld+json\" class=\"yoast-schema-graph\">{\"@context\":\"https:\\\/\\\/schema.org\",\"@graph\":[{\"@type\":\"WebPage\",\"@id\":\"https:\\\/\\\/coesmoriz.pt\\\/?page_id=542\",\"url\":\"https:\\\/\\\/coesmoriz.pt\\\/?page_id=542\",\"name\":\"Curiosidades - COEsmoriz\",\"isPartOf\":{\"@id\":\"https:\\\/\\\/coesmoriz.pt\\\/#website\"},\"primaryImageOfPage\":{\"@id\":\"https:\\\/\\\/coesmoriz.pt\\\/?page_id=542#primaryimage\"},\"image\":{\"@id\":\"https:\\\/\\\/coesmoriz.pt\\\/?page_id=542#primaryimage\"},\"thumbnailUrl\":\"https:\\\/\\\/coesmoriz.pt\\\/wp-content\\\/uploads\\\/2023\\\/04\\\/Captura-de-ecra-2023-04-29-as-23.17.04-1024x651.png\",\"datePublished\":\"2018-11-27T09:17:28+00:00\",\"dateModified\":\"2023-04-29T22:43:14+00:00\",\"breadcrumb\":{\"@id\":\"https:\\\/\\\/coesmoriz.pt\\\/?page_id=542#breadcrumb\"},\"inLanguage\":\"pt-PT\",\"potentialAction\":[{\"@type\":\"ReadAction\",\"target\":[\"https:\\\/\\\/coesmoriz.pt\\\/?page_id=542\"]}]},{\"@type\":\"ImageObject\",\"inLanguage\":\"pt-PT\",\"@id\":\"https:\\\/\\\/coesmoriz.pt\\\/?page_id=542#primaryimage\",\"url\":\"https:\\\/\\\/coesmoriz.pt\\\/wp-content\\\/uploads\\\/2023\\\/04\\\/Captura-de-ecra-2023-04-29-as-23.17.04.png\",\"contentUrl\":\"https:\\\/\\\/coesmoriz.pt\\\/wp-content\\\/uploads\\\/2023\\\/04\\\/Captura-de-ecra-2023-04-29-as-23.17.04.png\",\"width\":1170,\"height\":744},{\"@type\":\"BreadcrumbList\",\"@id\":\"https:\\\/\\\/coesmoriz.pt\\\/?page_id=542#breadcrumb\",\"itemListElement\":[{\"@type\":\"ListItem\",\"position\":1,\"name\":\"In\u00edcio\",\"item\":\"https:\\\/\\\/coesmoriz.pt\\\/\"},{\"@type\":\"ListItem\",\"position\":2,\"name\":\"Curiosidades\"}]},{\"@type\":\"WebSite\",\"@id\":\"https:\\\/\\\/coesmoriz.pt\\\/#website\",\"url\":\"https:\\\/\\\/coesmoriz.pt\\\/\",\"name\":\"COEsmoriz\",\"description\":\"Clube Ornitol\u00f3gico de Esmoriz\",\"publisher\":{\"@id\":\"https:\\\/\\\/coesmoriz.pt\\\/#organization\"},\"potentialAction\":[{\"@type\":\"SearchAction\",\"target\":{\"@type\":\"EntryPoint\",\"urlTemplate\":\"https:\\\/\\\/coesmoriz.pt\\\/?s={search_term_string}\"},\"query-input\":{\"@type\":\"PropertyValueSpecification\",\"valueRequired\":true,\"valueName\":\"search_term_string\"}}],\"inLanguage\":\"pt-PT\"},{\"@type\":\"Organization\",\"@id\":\"https:\\\/\\\/coesmoriz.pt\\\/#organization\",\"name\":\"COEsmoriz\",\"url\":\"https:\\\/\\\/coesmoriz.pt\\\/\",\"logo\":{\"@type\":\"ImageObject\",\"inLanguage\":\"pt-PT\",\"@id\":\"https:\\\/\\\/coesmoriz.pt\\\/#\\\/schema\\\/logo\\\/image\\\/\",\"url\":\"https:\\\/\\\/coesmoriz.pt\\\/wp-content\\\/uploads\\\/2023\\\/04\\\/cropped-LOGO3.png\",\"contentUrl\":\"https:\\\/\\\/coesmoriz.pt\\\/wp-content\\\/uploads\\\/2023\\\/04\\\/cropped-LOGO3.png\",\"width\":295,\"height\":383,\"caption\":\"COEsmoriz\"},\"image\":{\"@id\":\"https:\\\/\\\/coesmoriz.pt\\\/#\\\/schema\\\/logo\\\/image\\\/\"},\"sameAs\":[\"https:\\\/\\\/www.facebook.com\\\/COEsmoriz\"]}]}<\/script>\n<!-- \/ Yoast SEO plugin. -->","yoast_head_json":{"title":"Curiosidades - COEsmoriz","robots":{"index":"index","follow":"follow","max-snippet":"max-snippet:-1","max-image-preview":"max-image-preview:large","max-video-preview":"max-video-preview:-1"},"canonical":"https:\/\/coesmoriz.pt\/?page_id=542","og_locale":"pt_PT","og_type":"article","og_title":"Curiosidades - COEsmoriz","og_description":"Curiosidades conhe\u00e7a os nossos s\u00f3cios Do mais antigo ao mais recente, todos os s\u00f3cios s\u00e3o importantes para n\u00f3s! Conhe\u00e7a um pouco de cada um deles&#8230; Miguel \u00c2ngelo Machado da Costa Criador de &#8220;melopsittacus undulatus&#8221; (periquitos australianos) desde 2020 e s\u00f3cio do COE desde 2021. Periquitos Australianos Os periquitos australianos s\u00e3o aves pequenas e soci\u00e1veis que [&hellip;]","og_url":"https:\/\/coesmoriz.pt\/?page_id=542","og_site_name":"COEsmoriz","article_publisher":"https:\/\/www.facebook.com\/COEsmoriz","article_modified_time":"2023-04-29T22:43:14+00:00","og_image":[{"url":"https:\/\/coesmoriz.pt\/wp-content\/uploads\/2023\/04\/Captura-de-ecra-2023-04-29-as-23.17.04-1024x651.png","type":"","width":"","height":""}],"twitter_card":"summary_large_image","twitter_misc":{"Tempo estimado de leitura":"2 minutos"},"schema":{"@context":"https:\/\/schema.org","@graph":[{"@type":"WebPage","@id":"https:\/\/coesmoriz.pt\/?page_id=542","url":"https:\/\/coesmoriz.pt\/?page_id=542","name":"Curiosidades - COEsmoriz","isPartOf":{"@id":"https:\/\/coesmoriz.pt\/#website"},"primaryImageOfPage":{"@id":"https:\/\/coesmoriz.pt\/?page_id=542#primaryimage"},"image":{"@id":"https:\/\/coesmoriz.pt\/?page_id=542#primaryimage"},"thumbnailUrl":"https:\/\/coesmoriz.pt\/wp-content\/uploads\/2023\/04\/Captura-de-ecra-2023-04-29-as-23.17.04-1024x651.png","datePublished":"2018-11-27T09:17:28+00:00","dateModified":"2023-04-29T22:43:14+00:00","breadcrumb":{"@id":"https:\/\/coesmoriz.pt\/?page_id=542#breadcrumb"},"inLanguage":"pt-PT","potentialAction":[{"@type":"ReadAction","target":["https:\/\/coesmoriz.pt\/?page_id=542"]}]},{"@type":"ImageObject","inLanguage":"pt-PT","@id":"https:\/\/coesmoriz.pt\/?page_id=542#primaryimage","url":"https:\/\/coesmoriz.pt\/wp-content\/uploads\/2023\/04\/Captura-de-ecra-2023-04-29-as-23.17.04.png","contentUrl":"https:\/\/coesmoriz.pt\/wp-content\/uploads\/2023\/04\/Captura-de-ecra-2023-04-29-as-23.17.04.png","width":1170,"height":744},{"@type":"BreadcrumbList","@id":"https:\/\/coesmoriz.pt\/?page_id=542#breadcrumb","itemListElement":[{"@type":"ListItem","position":1,"name":"In\u00edcio","item":"https:\/\/coesmoriz.pt\/"},{"@type":"ListItem","position":2,"name":"Curiosidades"}]},{"@type":"WebSite","@id":"https:\/\/coesmoriz.pt\/#website","url":"https:\/\/coesmoriz.pt\/","name":"COEsmoriz","description":"Clube Ornitol\u00f3gico de Esmoriz","publisher":{"@id":"https:\/\/coesmoriz.pt\/#organization"},"potentialAction":[{"@type":"SearchAction","target":{"@type":"EntryPoint","urlTemplate":"https:\/\/coesmoriz.pt\/?s={search_term_string}"},"query-input":{"@type":"PropertyValueSpecification","valueRequired":true,"valueName":"search_term_string"}}],"inLanguage":"pt-PT"},{"@type":"Organization","@id":"https:\/\/coesmoriz.pt\/#organization","name":"COEsmoriz","url":"https:\/\/coesmoriz.pt\/","logo":{"@type":"ImageObject","inLanguage":"pt-PT","@id":"https:\/\/coesmoriz.pt\/#\/schema\/logo\/image\/","url":"https:\/\/coesmoriz.pt\/wp-content\/uploads\/2023\/04\/cropped-LOGO3.png","contentUrl":"https:\/\/coesmoriz.pt\/wp-content\/uploads\/2023\/04\/cropped-LOGO3.png","width":295,"height":383,"caption":"COEsmoriz"},"image":{"@id":"https:\/\/coesmoriz.pt\/#\/schema\/logo\/image\/"},"sameAs":["https:\/\/www.facebook.com\/COEsmoriz"]}]}},"_links":{"self":[{"href":"https:\/\/coesmoriz.pt\/index.php?rest_route=\/wp\/v2\/pages\/542","targetHints":{"allow":["GET"]}}],"collection":[{"href":"https:\/\/coesmoriz.pt\/index.php?rest_route=\/wp\/v2\/pages"}],"about":[{"href":"https:\/\/coesmoriz.pt\/index.php?rest_route=\/wp\/v2\/types\/page"}],"author":[{"embeddable":true,"href":"https:\/\/coesmoriz.pt\/index.php?rest_route=\/wp\/v2\/users\/1"}],"replies":[{"embeddable":true,"href":"https:\/\/coesmoriz.pt\/index.php?rest_route=%2Fwp%2Fv2%2Fcomments&post=542"}],"version-history":[{"count":27,"href":"https:\/\/coesmoriz.pt\/index.php?rest_route=\/wp\/v2\/pages\/542\/revisions"}],"predecessor-version":[{"id":779,"href":"https:\/\/coesmoriz.pt\/index.php?rest_route=\/wp\/v2\/pages\/542\/revisions\/779"}],"wp:attachment":[{"href":"https:\/\/coesmoriz.pt\/index.php?rest_route=%2Fwp%2Fv2%2Fmedia&parent=542"}],"curies":[{"name":"wp","href":"https:\/\/api.w.org\/{rel}","templated":true}]}}