{"id":686,"date":"2023-04-26T15:00:54","date_gmt":"2023-04-26T15:00:54","guid":{"rendered":"https:\/\/coesmoriz.pt\/?page_id=686"},"modified":"2023-05-09T22:09:24","modified_gmt":"2023-05-09T22:09:24","slug":"pedido-de-anilhas","status":"publish","type":"page","link":"https:\/\/coesmoriz.pt\/?page_id=686","title":{"rendered":"PEDIDO de ANILHAS"},"content":{"rendered":"\n<figure class=\"wp-block-image size-large\"><img fetchpriority=\"high\" decoding=\"async\" width=\"1024\" height=\"683\" src=\"https:\/\/coesmoriz.pt\/wp-content\/uploads\/2023\/05\/MEDIDAS-1024x683.jpg\" alt=\"\" class=\"wp-image-903\" srcset=\"https:\/\/coesmoriz.pt\/wp-content\/uploads\/2023\/05\/MEDIDAS-1024x683.jpg 1024w, https:\/\/coesmoriz.pt\/wp-content\/uploads\/2023\/05\/MEDIDAS-300x200.jpg 300w, https:\/\/coesmoriz.pt\/wp-content\/uploads\/2023\/05\/MEDIDAS-768x512.jpg 768w, https:\/\/coesmoriz.pt\/wp-content\/uploads\/2023\/05\/MEDIDAS-1536x1024.jpg 1536w, https:\/\/coesmoriz.pt\/wp-content\/uploads\/2023\/05\/MEDIDAS-2048x1365.jpg 2048w\" sizes=\"(max-width: 1024px) 100vw, 1024px\" \/><\/figure>\n\n\n<div class=\"wpforms-container wpforms-block wpforms-block-c3581fa1-16ce-4c80-b933-69e5f3582c1f\" id=\"wpforms-678\"><form id=\"wpforms-form-678\" class=\"wpforms-validate wpforms-form\" data-formid=\"678\" method=\"post\" enctype=\"multipart\/form-data\" action=\"\/index.php?rest_route=%2Fwp%2Fv2%2Fpages%2F686\" data-token=\"06e8aa77507821dc5871dc3d8cc140c7\" data-token-time=\"1777205184\"><noscript class=\"wpforms-error-noscript\">Please enable JavaScript in your browser to complete this form.<\/noscript><div class=\"wpforms-field-container\"><div id=\"wpforms-678-field_0-container\" class=\"wpforms-field wpforms-field-name\" data-field-id=\"0\"><label class=\"wpforms-field-label\" for=\"wpforms-678-field_0\">NOME <span class=\"wpforms-required-label\">*<\/span><\/label><input type=\"text\" id=\"wpforms-678-field_0\" class=\"wpforms-field-large wpforms-field-required\" name=\"wpforms[fields][0]\" required><div class=\"wpforms-field-description\">No primeiro pedido de anilhas para 2024 ter\u00e1 de ser paga a quota Federativa Anual de 5\u20ac e a quarta anual do COE de 10\u20ac. Os pedidos s\u00f3 ser\u00e3o efetuados ap\u00f3s confirma\u00e7\u00e3o de pagamento.<\/div><\/div><div id=\"wpforms-678-field_10-container\" class=\"wpforms-field wpforms-field-text\" data-field-id=\"10\"><label class=\"wpforms-field-label\" for=\"wpforms-678-field_10\">STAM <span class=\"wpforms-required-label\">*<\/span><\/label><input type=\"text\" id=\"wpforms-678-field_10\" class=\"wpforms-field-medium wpforms-field-required\" name=\"wpforms[fields][10]\" required><\/div><div id=\"wpforms-678-field_19-container\" class=\"wpforms-field wpforms-field-text\" data-field-id=\"19\"><label class=\"wpforms-field-label\" for=\"wpforms-678-field_19\">CONTACTO <span class=\"wpforms-required-label\">*<\/span><\/label><input type=\"text\" id=\"wpforms-678-field_19\" class=\"wpforms-field-medium wpforms-field-required\" name=\"wpforms[fields][19]\" required><div class=\"wpforms-field-description\">Telef\u00f3nico ou e-mail<\/div><\/div><div id=\"wpforms-678-field_9-container\" class=\"wpforms-field wpforms-field-radio\" data-field-id=\"9\"><label class=\"wpforms-field-label\">Escolha o pedido com a data que pretende <span class=\"wpforms-required-label\">*<\/span><\/label><ul id=\"wpforms-678-field_9\" class=\"wpforms-field-required\"><li class=\"choice-2 depth-1\"><input type=\"radio\" id=\"wpforms-678-field_9_2\" name=\"wpforms[fields][9]\" value=\"2.\u00ba PEDIDO: at\u00e9 19 de julho de 2023 | ENTREGA prevista a 15 de novembro de 2023\" required ><label class=\"wpforms-field-label-inline\" for=\"wpforms-678-field_9_2\">2.\u00ba PEDIDO: at\u00e9 19 de julho de 2023 | ENTREGA prevista a 15 de novembro de 2023<\/label><\/li><li class=\"choice-3 depth-1\"><input type=\"radio\" id=\"wpforms-678-field_9_3\" name=\"wpforms[fields][9]\" value=\"3.\u00ba PEDIDO: at\u00e9 20 de setembro de 2023 | ENTREGA prevista a 31 de dezembro de 2023\" required ><label class=\"wpforms-field-label-inline\" for=\"wpforms-678-field_9_3\">3.\u00ba PEDIDO: at\u00e9 20 de setembro de 2023 | ENTREGA prevista a 31 de dezembro de 2023<\/label><\/li><li class=\"choice-4 depth-1\"><input type=\"radio\" id=\"wpforms-678-field_9_4\" name=\"wpforms[fields][9]\" value=\"4.\u00ba PEDIDO: at\u00e9 8 de novembro de 2023 | ENTREGA prevista a 31 de janeiro de 2024\" required ><label class=\"wpforms-field-label-inline\" for=\"wpforms-678-field_9_4\">4.\u00ba PEDIDO: at\u00e9 8 de novembro de 2023 | ENTREGA prevista a 31 de janeiro de 2024<\/label><\/li><li class=\"choice-5 depth-1\"><input type=\"radio\" id=\"wpforms-678-field_9_5\" name=\"wpforms[fields][9]\" value=\"5.\u00ba PEDIDO: at\u00e9 20 de dezembro de 2023 | ENTREGA prevista a 31 de mar\u00e7o de 2024\" required ><label class=\"wpforms-field-label-inline\" for=\"wpforms-678-field_9_5\">5.\u00ba PEDIDO: at\u00e9 20 de dezembro de 2023 | ENTREGA prevista a 31 de mar\u00e7o de 2024<\/label><\/li><li class=\"choice-6 depth-1\"><input type=\"radio\" id=\"wpforms-678-field_9_6\" name=\"wpforms[fields][9]\" value=\"6.\u00ba PEDIDO: at\u00e9 15 de fevereiro de 2024 | ENTREGA prevista a 30 de abril de 2024\" required ><label class=\"wpforms-field-label-inline\" for=\"wpforms-678-field_9_6\">6.\u00ba PEDIDO: at\u00e9 15 de fevereiro de 2024 | ENTREGA prevista a 30 de abril de 2024<\/label><\/li><li class=\"choice-7 depth-1\"><input type=\"radio\" id=\"wpforms-678-field_9_7\" name=\"wpforms[fields][9]\" value=\"7.\u00ba PEDIDO: at\u00e9 30 de mar\u00e7o de 2024 | ENTREGA prevista a 15 de maio de 2024\" required ><label class=\"wpforms-field-label-inline\" for=\"wpforms-678-field_9_7\">7.\u00ba PEDIDO: at\u00e9 30 de mar\u00e7o de 2024 | ENTREGA prevista a 15 de maio de 2024<\/label><\/li><\/ul><div class=\"wpforms-field-description\">Para o 6.\u00ba e 7.\u00ba pedidos acresce uma taxa extra de 7,00\u20ac.<\/div><\/div><div id=\"wpforms-678-field_6-container\" class=\"wpforms-field wpforms-field-text\" data-field-id=\"6\"><label class=\"wpforms-field-label\" for=\"wpforms-678-field_6\">DI\u00c2METRO e QUANTIDADE de anilhas pretendida <span class=\"wpforms-required-label\">*<\/span><\/label><input type=\"text\" id=\"wpforms-678-field_6\" class=\"wpforms-field-medium wpforms-field-required\" name=\"wpforms[fields][6]\" required><div class=\"wpforms-field-description\">Exemplo: 2,00 normais = 20; 4,20 a\u00e7o inox = 40<\/div><\/div><div id=\"wpforms-678-field_15-container\" class=\"wpforms-field wpforms-field-text\" data-field-id=\"15\"><label class=\"wpforms-field-label\" for=\"wpforms-678-field_15\">Ao valor das anilhas acresce 2,50\u20ac para envio via CTT<\/label><input type=\"text\" id=\"wpforms-678-field_15\" class=\"wpforms-field-medium\" name=\"wpforms[fields][15]\" ><div class=\"wpforms-field-description\">Escreva a morada para envio, caso pretenda.<\/div><\/div><\/div><!-- .wpforms-field-container --><div class=\"wpforms-field wpforms-field-hp\"><label for=\"wpforms-678-field-hp\" class=\"wpforms-field-label\">Message<\/label><input type=\"text\" name=\"wpforms[hp]\" id=\"wpforms-678-field-hp\" class=\"wpforms-field-medium\"><\/div><div class=\"wpforms-submit-container\" ><input type=\"hidden\" name=\"wpforms[id]\" value=\"678\"><input type=\"hidden\" name=\"page_title\" value=\"\"><input type=\"hidden\" name=\"page_url\" value=\"https:\/\/coesmoriz.pt\/index.php?rest_route=\/wp\/v2\/pages\/686\"><input type=\"hidden\" name=\"url_referer\" value=\"\"><button type=\"submit\" name=\"wpforms[submit]\" id=\"wpforms-submit-678\" class=\"wpforms-submit\" data-alt-text=\"A enviar...\" data-submit-text=\"FAZER o PEDIDO\" aria-live=\"assertive\" value=\"wpforms-submit\">FAZER o PEDIDO<\/button><\/div><\/form><\/div>  <!-- .wpforms-container -->","protected":false},"excerpt":{"rendered":"","protected":false},"author":1,"featured_media":0,"parent":0,"menu_order":0,"comment_status":"closed","ping_status":"closed","template":"","meta":{"site-sidebar-layout":"default","site-content-layout":"","ast-site-content-layout":"default","site-content-style":"default","site-sidebar-style":"default","ast-global-header-display":"","ast-banner-title-visibility":"","ast-main-header-display":"","ast-hfb-above-header-display":"","ast-hfb-below-header-display":"","ast-hfb-mobile-header-display":"","site-post-title":"","ast-breadcrumbs-content":"","ast-featured-img":"","footer-sml-layout":"","ast-disable-related-posts":"","theme-transparent-header-meta":"","adv-header-id-meta":"","stick-header-meta":"","header-above-stick-meta":"","header-main-stick-meta":"","header-below-stick-meta":"","astra-migrate-meta-layouts":"default","ast-page-background-enabled":"default","ast-page-background-meta":{"desktop":{"background-color":"","background-image":"","background-repeat":"repeat","background-position":"center center","background-size":"auto","background-attachment":"scroll","background-type":"","background-media":"","overlay-type":"","overlay-color":"","overlay-opacity":"","overlay-gradient":""},"tablet":{"background-color":"","background-image":"","background-repeat":"repeat","background-position":"center center","background-size":"auto","background-attachment":"scroll","background-type":"","background-media":"","overlay-type":"","overlay-color":"","overlay-opacity":"","overlay-gradient":""},"mobile":{"background-color":"","background-image":"","background-repeat":"repeat","background-position":"center center","background-size":"auto","background-attachment":"scroll","background-type":"","background-media":"","overlay-type":"","overlay-color":"","overlay-opacity":"","overlay-gradient":""}},"ast-content-background-meta":{"desktop":{"background-color":"var(--ast-global-color-5)","background-image":"","background-repeat":"repeat","background-position":"center center","background-size":"auto","background-attachment":"scroll","background-type":"","background-media":"","overlay-type":"","overlay-color":"","overlay-opacity":"","overlay-gradient":""},"tablet":{"background-color":"var(--ast-global-color-5)","background-image":"","background-repeat":"repeat","background-position":"center center","background-size":"auto","background-attachment":"scroll","background-type":"","background-media":"","overlay-type":"","overlay-color":"","overlay-opacity":"","overlay-gradient":""},"mobile":{"background-color":"var(--ast-global-color-5)","background-image":"","background-repeat":"repeat","background-position":"center center","background-size":"auto","background-attachment":"scroll","background-type":"","background-media":"","overlay-type":"","overlay-color":"","overlay-opacity":"","overlay-gradient":""}},"footnotes":""},"class_list":["post-686","page","type-page","status-publish","hentry"],"yoast_head":"<!-- This site is optimized with the Yoast SEO plugin v27.4 - https:\/\/yoast.com\/product\/yoast-seo-wordpress\/ -->\n<title>PEDIDO de ANILHAS - COEsmoriz<\/title>\n<meta name=\"robots\" content=\"index, follow, max-snippet:-1, max-image-preview:large, max-video-preview:-1\" \/>\n<link rel=\"canonical\" href=\"https:\/\/coesmoriz.pt\/?page_id=686\" \/>\n<meta property=\"og:locale\" content=\"pt_PT\" \/>\n<meta property=\"og:type\" content=\"article\" \/>\n<meta property=\"og:title\" content=\"PEDIDO de ANILHAS - COEsmoriz\" \/>\n<meta property=\"og:url\" content=\"https:\/\/coesmoriz.pt\/?page_id=686\" \/>\n<meta property=\"og:site_name\" content=\"COEsmoriz\" \/>\n<meta property=\"article:publisher\" content=\"https:\/\/www.facebook.com\/COEsmoriz\" \/>\n<meta property=\"article:modified_time\" content=\"2023-05-09T22:09:24+00:00\" \/>\n<meta property=\"og:image\" content=\"https:\/\/coesmoriz.pt\/wp-content\/uploads\/2023\/05\/MEDIDAS-1024x683.jpg\" \/>\n<meta name=\"twitter:card\" content=\"summary_large_image\" \/>\n<meta name=\"twitter:label1\" content=\"Tempo estimado de leitura\" \/>\n\t<meta name=\"twitter:data1\" content=\"1 minuto\" \/>\n<script type=\"application\/ld+json\" class=\"yoast-schema-graph\">{\"@context\":\"https:\\\/\\\/schema.org\",\"@graph\":[{\"@type\":\"WebPage\",\"@id\":\"https:\\\/\\\/coesmoriz.pt\\\/?page_id=686\",\"url\":\"https:\\\/\\\/coesmoriz.pt\\\/?page_id=686\",\"name\":\"PEDIDO de ANILHAS - COEsmoriz\",\"isPartOf\":{\"@id\":\"https:\\\/\\\/coesmoriz.pt\\\/#website\"},\"primaryImageOfPage\":{\"@id\":\"https:\\\/\\\/coesmoriz.pt\\\/?page_id=686#primaryimage\"},\"image\":{\"@id\":\"https:\\\/\\\/coesmoriz.pt\\\/?page_id=686#primaryimage\"},\"thumbnailUrl\":\"https:\\\/\\\/coesmoriz.pt\\\/wp-content\\\/uploads\\\/2023\\\/05\\\/MEDIDAS-1024x683.jpg\",\"datePublished\":\"2023-04-26T15:00:54+00:00\",\"dateModified\":\"2023-05-09T22:09:24+00:00\",\"breadcrumb\":{\"@id\":\"https:\\\/\\\/coesmoriz.pt\\\/?page_id=686#breadcrumb\"},\"inLanguage\":\"pt-PT\",\"potentialAction\":[{\"@type\":\"ReadAction\",\"target\":[\"https:\\\/\\\/coesmoriz.pt\\\/?page_id=686\"]}]},{\"@type\":\"ImageObject\",\"inLanguage\":\"pt-PT\",\"@id\":\"https:\\\/\\\/coesmoriz.pt\\\/?page_id=686#primaryimage\",\"url\":\"https:\\\/\\\/coesmoriz.pt\\\/wp-content\\\/uploads\\\/2023\\\/05\\\/MEDIDAS-scaled.jpg\",\"contentUrl\":\"https:\\\/\\\/coesmoriz.pt\\\/wp-content\\\/uploads\\\/2023\\\/05\\\/MEDIDAS-scaled.jpg\",\"width\":2560,\"height\":1707},{\"@type\":\"BreadcrumbList\",\"@id\":\"https:\\\/\\\/coesmoriz.pt\\\/?page_id=686#breadcrumb\",\"itemListElement\":[{\"@type\":\"ListItem\",\"position\":1,\"name\":\"In\u00edcio\",\"item\":\"https:\\\/\\\/coesmoriz.pt\\\/\"},{\"@type\":\"ListItem\",\"position\":2,\"name\":\"PEDIDO de ANILHAS\"}]},{\"@type\":\"WebSite\",\"@id\":\"https:\\\/\\\/coesmoriz.pt\\\/#website\",\"url\":\"https:\\\/\\\/coesmoriz.pt\\\/\",\"name\":\"COEsmoriz\",\"description\":\"Clube Ornitol\u00f3gico de Esmoriz\",\"publisher\":{\"@id\":\"https:\\\/\\\/coesmoriz.pt\\\/#organization\"},\"potentialAction\":[{\"@type\":\"SearchAction\",\"target\":{\"@type\":\"EntryPoint\",\"urlTemplate\":\"https:\\\/\\\/coesmoriz.pt\\\/?s={search_term_string}\"},\"query-input\":{\"@type\":\"PropertyValueSpecification\",\"valueRequired\":true,\"valueName\":\"search_term_string\"}}],\"inLanguage\":\"pt-PT\"},{\"@type\":\"Organization\",\"@id\":\"https:\\\/\\\/coesmoriz.pt\\\/#organization\",\"name\":\"COEsmoriz\",\"url\":\"https:\\\/\\\/coesmoriz.pt\\\/\",\"logo\":{\"@type\":\"ImageObject\",\"inLanguage\":\"pt-PT\",\"@id\":\"https:\\\/\\\/coesmoriz.pt\\\/#\\\/schema\\\/logo\\\/image\\\/\",\"url\":\"https:\\\/\\\/coesmoriz.pt\\\/wp-content\\\/uploads\\\/2023\\\/04\\\/cropped-LOGO3.png\",\"contentUrl\":\"https:\\\/\\\/coesmoriz.pt\\\/wp-content\\\/uploads\\\/2023\\\/04\\\/cropped-LOGO3.png\",\"width\":295,\"height\":383,\"caption\":\"COEsmoriz\"},\"image\":{\"@id\":\"https:\\\/\\\/coesmoriz.pt\\\/#\\\/schema\\\/logo\\\/image\\\/\"},\"sameAs\":[\"https:\\\/\\\/www.facebook.com\\\/COEsmoriz\"]}]}<\/script>\n<!-- \/ Yoast SEO plugin. -->","yoast_head_json":{"title":"PEDIDO de ANILHAS - COEsmoriz","robots":{"index":"index","follow":"follow","max-snippet":"max-snippet:-1","max-image-preview":"max-image-preview:large","max-video-preview":"max-video-preview:-1"},"canonical":"https:\/\/coesmoriz.pt\/?page_id=686","og_locale":"pt_PT","og_type":"article","og_title":"PEDIDO de ANILHAS - COEsmoriz","og_url":"https:\/\/coesmoriz.pt\/?page_id=686","og_site_name":"COEsmoriz","article_publisher":"https:\/\/www.facebook.com\/COEsmoriz","article_modified_time":"2023-05-09T22:09:24+00:00","og_image":[{"url":"https:\/\/coesmoriz.pt\/wp-content\/uploads\/2023\/05\/MEDIDAS-1024x683.jpg","type":"","width":"","height":""}],"twitter_card":"summary_large_image","twitter_misc":{"Tempo estimado de leitura":"1 minuto"},"schema":{"@context":"https:\/\/schema.org","@graph":[{"@type":"WebPage","@id":"https:\/\/coesmoriz.pt\/?page_id=686","url":"https:\/\/coesmoriz.pt\/?page_id=686","name":"PEDIDO de ANILHAS - COEsmoriz","isPartOf":{"@id":"https:\/\/coesmoriz.pt\/#website"},"primaryImageOfPage":{"@id":"https:\/\/coesmoriz.pt\/?page_id=686#primaryimage"},"image":{"@id":"https:\/\/coesmoriz.pt\/?page_id=686#primaryimage"},"thumbnailUrl":"https:\/\/coesmoriz.pt\/wp-content\/uploads\/2023\/05\/MEDIDAS-1024x683.jpg","datePublished":"2023-04-26T15:00:54+00:00","dateModified":"2023-05-09T22:09:24+00:00","breadcrumb":{"@id":"https:\/\/coesmoriz.pt\/?page_id=686#breadcrumb"},"inLanguage":"pt-PT","potentialAction":[{"@type":"ReadAction","target":["https:\/\/coesmoriz.pt\/?page_id=686"]}]},{"@type":"ImageObject","inLanguage":"pt-PT","@id":"https:\/\/coesmoriz.pt\/?page_id=686#primaryimage","url":"https:\/\/coesmoriz.pt\/wp-content\/uploads\/2023\/05\/MEDIDAS-scaled.jpg","contentUrl":"https:\/\/coesmoriz.pt\/wp-content\/uploads\/2023\/05\/MEDIDAS-scaled.jpg","width":2560,"height":1707},{"@type":"BreadcrumbList","@id":"https:\/\/coesmoriz.pt\/?page_id=686#breadcrumb","itemListElement":[{"@type":"ListItem","position":1,"name":"In\u00edcio","item":"https:\/\/coesmoriz.pt\/"},{"@type":"ListItem","position":2,"name":"PEDIDO de ANILHAS"}]},{"@type":"WebSite","@id":"https:\/\/coesmoriz.pt\/#website","url":"https:\/\/coesmoriz.pt\/","name":"COEsmoriz","description":"Clube Ornitol\u00f3gico de Esmoriz","publisher":{"@id":"https:\/\/coesmoriz.pt\/#organization"},"potentialAction":[{"@type":"SearchAction","target":{"@type":"EntryPoint","urlTemplate":"https:\/\/coesmoriz.pt\/?s={search_term_string}"},"query-input":{"@type":"PropertyValueSpecification","valueRequired":true,"valueName":"search_term_string"}}],"inLanguage":"pt-PT"},{"@type":"Organization","@id":"https:\/\/coesmoriz.pt\/#organization","name":"COEsmoriz","url":"https:\/\/coesmoriz.pt\/","logo":{"@type":"ImageObject","inLanguage":"pt-PT","@id":"https:\/\/coesmoriz.pt\/#\/schema\/logo\/image\/","url":"https:\/\/coesmoriz.pt\/wp-content\/uploads\/2023\/04\/cropped-LOGO3.png","contentUrl":"https:\/\/coesmoriz.pt\/wp-content\/uploads\/2023\/04\/cropped-LOGO3.png","width":295,"height":383,"caption":"COEsmoriz"},"image":{"@id":"https:\/\/coesmoriz.pt\/#\/schema\/logo\/image\/"},"sameAs":["https:\/\/www.facebook.com\/COEsmoriz"]}]}},"_links":{"self":[{"href":"https:\/\/coesmoriz.pt\/index.php?rest_route=\/wp\/v2\/pages\/686","targetHints":{"allow":["GET"]}}],"collection":[{"href":"https:\/\/coesmoriz.pt\/index.php?rest_route=\/wp\/v2\/pages"}],"about":[{"href":"https:\/\/coesmoriz.pt\/index.php?rest_route=\/wp\/v2\/types\/page"}],"author":[{"embeddable":true,"href":"https:\/\/coesmoriz.pt\/index.php?rest_route=\/wp\/v2\/users\/1"}],"replies":[{"embeddable":true,"href":"https:\/\/coesmoriz.pt\/index.php?rest_route=%2Fwp%2Fv2%2Fcomments&post=686"}],"version-history":[{"count":2,"href":"https:\/\/coesmoriz.pt\/index.php?rest_route=\/wp\/v2\/pages\/686\/revisions"}],"predecessor-version":[{"id":904,"href":"https:\/\/coesmoriz.pt\/index.php?rest_route=\/wp\/v2\/pages\/686\/revisions\/904"}],"wp:attachment":[{"href":"https:\/\/coesmoriz.pt\/index.php?rest_route=%2Fwp%2Fv2%2Fmedia&parent=686"}],"curies":[{"name":"wp","href":"https:\/\/api.w.org\/{rel}","templated":true}]}}